{"id":3204,"date":"2018-06-28T15:31:46","date_gmt":"2018-06-28T15:31:46","guid":{"rendered":"https:\/\/codesupply.co\/?page_id=345"},"modified":"2018-06-28T15:31:46","modified_gmt":"2018-06-28T15:31:46","slug":"inline-posts","status":"publish","type":"page","link":"https:\/\/dzitbalche.gob.mx\/blog\/inline-posts\/","title":{"rendered":"Inline Posts"},"content":{"rendered":"<div class=\"cnvs-block-alert cnvs-block-alert-1569596272800 is-style-cnvs-block-alert-warning\" >\n\t<div class=\"cnvs-block-alert-inner\">\n\t\t\n<h6 id=\"please-note\" class=\"wp-block-heading\">Please Note<\/h6>\n\n<p>You need to install and activate <a href=\"https:\/\/wordpress.org\/plugins\/canvas\/\">Canvas<\/a> to make this feature work. <\/p>\n\t<\/div>\n\t<\/div><div class=\"cnvs-block-toc cnvs-block-toc-1569597447269\" >\n\t<\/div><p>Tempus ante condimentum sem hendrerit eu phasellus vidi et quis orci arcu quam augue. Hendrerit amet id a condimentum semper felis. Donec sed lorem feugiat aenean ante cras elementum pede. Quis eget blandit felis et.<\/p><h2 id=\"list\" class=\"wp-block-heading\">List<\/h2><p>Vici ac felis tellus in pretium. Etiam dui pretium eget vel laoreet cras rhoncus aenean imperdiet.<\/p><div class=\"cnvs-block-posts cnvs-block-featured-posts-1569596324572 cnvs-block-posts-layout-list\" data-layout=\"list\" data-min-height=\"\">\n\t\t<div class=\"cs-posts-area\" data-posts-area=\"\">\n\t\t\t<div class=\"cs-posts-area__outer\">\n\t\t\t\t<div class=\"cs-posts-area__main cs-posts-area__list cs-posts-area__image-width-one-third\">\n\t\t\t\t\t\n<article class=\"post-3292 post type-post status-publish format-standard has-post-thumbnail category-turismo cs-entry cs-video-wrap\">\n\t<div class=\"cs-entry__outer\">\n\t\t\t\t\t<div class=\"cs-entry__inner cs-entry__thumbnail cs-entry__overlay cs-overlay-ratio cs-ratio-landscape\">\n\t\t\t\t<div class=\"cs-overlay-background cs-overlay-transparent\">\n\t\t\t\t\t<img fetchpriority=\"high\" decoding=\"async\" width=\"700\" height=\"450\" src=\"https:\/\/dzitbalche.gob.mx\/blog\/wp-content\/uploads\/2025\/04\/cantares-dzitbalche-700x450.jpg\" class=\"attachment-csco-medium size-csco-medium wp-post-image\" alt=\"\" \/>\n\t\t\t\t\t\n\t\t\t\t\t\t\t\t\t<\/div>\n\t\t\t\t<a class=\"cs-overlay-link\" href=\"https:\/\/dzitbalche.gob.mx\/blog\/los-cantares-de-dzitbalche\/\"><\/a>\n\t\t\t<\/div>\n\t\t\t\n\t\t<div class=\"cs-entry__inner cs-entry__content\">\n\t\t\t<div class=\"cs-entry__post-meta\" ><div class=\"cs-entry__category\"><ul class=\"post-categories\">\n\t<li><a href=\"https:\/\/dzitbalche.gob.mx\/blog\/category\/turismo\/\" rel=\"category tag\">Turismo<\/a><\/li><\/ul><\/div><\/div>\n\t\t\t\t<h2 class=\"cs-entry__title \">\n\t\t\t\t\t<a href=\"https:\/\/dzitbalche.gob.mx\/blog\/los-cantares-de-dzitbalche\/\">Los cantares de Dzitbalch\u00e9<\/a>\n\t\t\t<\/h2>\n\t\n\t\t\t\t\t\t<div class=\"cs-entry__excerpt\">\n\t\t\t\tLa voz po\u00e9tica del alma maya En el coraz\u00f3n de la cultura maya, entre rituales, astronom\u00eda y sabidur\u00eda ancestral, tambi\u00e9n floreci\u00f3 la poes\u00eda. Los Cantares de Dzitbalch\u00e9 son una prueba viva de&hellip;\t\t\t<\/div>\n\t\t\t\n\t\t\t\t\t<\/div>\n\t<\/div>\n<\/article>\n\n<article class=\"post-3245 post type-post status-publish format-standard has-post-thumbnail category-conmemoracion cs-entry cs-video-wrap\">\n\t<div class=\"cs-entry__outer\">\n\t\t\t\t\t<div class=\"cs-entry__inner cs-entry__thumbnail cs-entry__overlay cs-overlay-ratio cs-ratio-landscape\">\n\t\t\t\t<div class=\"cs-overlay-background cs-overlay-transparent\">\n\t\t\t\t\t<img decoding=\"async\" width=\"700\" height=\"450\" src=\"https:\/\/dzitbalche.gob.mx\/blog\/wp-content\/uploads\/2024\/10\/cancer-de-mama-4-700x450.png\" class=\"attachment-csco-medium size-csco-medium wp-post-image\" alt=\"\" \/>\n\t\t\t\t\t\n\t\t\t\t\t\t\t\t\t<\/div>\n\t\t\t\t<a class=\"cs-overlay-link\" href=\"https:\/\/dzitbalche.gob.mx\/blog\/la-deteccion-temprana-salva-vidas\/\"><\/a>\n\t\t\t<\/div>\n\t\t\t\n\t\t<div class=\"cs-entry__inner cs-entry__content\">\n\t\t\t<div class=\"cs-entry__post-meta\" ><div class=\"cs-entry__category\"><ul class=\"post-categories\">\n\t<li><a href=\"https:\/\/dzitbalche.gob.mx\/blog\/category\/conmemoracion\/\" rel=\"category tag\">Conmemoraci\u00f3n<\/a><\/li><\/ul><\/div><\/div>\n\t\t\t\t<h2 class=\"cs-entry__title \">\n\t\t\t\t\t<a href=\"https:\/\/dzitbalche.gob.mx\/blog\/la-deteccion-temprana-salva-vidas\/\">La detecci\u00f3n temprana salva vidas<\/a>\n\t\t\t<\/h2>\n\t\n\t\t\t\t\t\t<div class=\"cs-entry__excerpt\">\n\t\t\t\t19 de octubre, d\u00eda mundial de la lucha contra el c\u00e1ncer de mama. \u00bfSab\u00edas que, el c\u00e1ncer de mama es una de las primeras causas de muerte en las mujeres? El objetivo es sensibilizar a las&hellip;\t\t\t<\/div>\n\t\t\t\n\t\t\t\t\t<\/div>\n\t<\/div>\n<\/article>\n\n<article class=\"post-872 post type-post status-publish format-standard has-post-thumbnail category-conmemoracion cs-entry cs-video-wrap\">\n\t<div class=\"cs-entry__outer\">\n\t\t\t\t\t<div class=\"cs-entry__inner cs-entry__thumbnail cs-entry__overlay cs-overlay-ratio cs-ratio-landscape\">\n\t\t\t\t<div class=\"cs-overlay-background cs-overlay-transparent\">\n\t\t\t\t\t<img decoding=\"async\" width=\"700\" height=\"450\" src=\"https:\/\/dzitbalche.gob.mx\/blog\/wp-content\/uploads\/2024\/09\/dia-de-muertos-3-700x450.jpg\" class=\"attachment-csco-medium size-csco-medium wp-post-image\" alt=\"\" \/>\n\t\t\t\t\t\n\t\t\t\t\t\t\t\t\t<\/div>\n\t\t\t\t<a class=\"cs-overlay-link\" href=\"https:\/\/dzitbalche.gob.mx\/blog\/nadie-muere-si-vive-en-nuestros-corazones\/\"><\/a>\n\t\t\t<\/div>\n\t\t\t\n\t\t<div class=\"cs-entry__inner cs-entry__content\">\n\t\t\t<div class=\"cs-entry__post-meta\" ><div class=\"cs-entry__category\"><ul class=\"post-categories\">\n\t<li><a href=\"https:\/\/dzitbalche.gob.mx\/blog\/category\/conmemoracion\/\" rel=\"category tag\">Conmemoraci\u00f3n<\/a><\/li><\/ul><\/div><\/div>\n\t\t\t\t<h2 class=\"cs-entry__title \">\n\t\t\t\t\t<a href=\"https:\/\/dzitbalche.gob.mx\/blog\/nadie-muere-si-vive-en-nuestros-corazones\/\">Nadie mueres                    si vive en nuestros recuerdos<\/a>\n\t\t\t<\/h2>\n\t\n\t\t\t\t\t\t<div class=\"cs-entry__excerpt\">\n\t\t\t\tNuestra riqueza cultural se refleja en las bonitas tradiciones que llevamos a cabo a\u00f1o con a\u00f1o, el Hanal Pix\u00e1n es sin duda una de nuestras festividades m\u00e1s populares del mes de noviembre, en&hellip;\t\t\t<\/div>\n\t\t\t\n\t\t\t\t\t<\/div>\n\t<\/div>\n<\/article>\n\t\t\t\t<\/div>\n\t\t\t<\/div>\n\n\t\t\t\t\t<\/div>\n\t<\/div><p>Vitae integer tempus eget sem aenean amet leo pretium nam enim dui nulla sed. Rutrum dolor <em>sapien<\/em> aenean consequat mollis ut justo arcu pellentesque quisque dis natoque nec. Pretium vitae blandit vel elit faucibus vici amet ridiculus. Aenean natoque ipsum eget. Sem varius justo pede veni feugiat. Maecenas vitae feugiat pellentesque.<\/p><h2 id=\"grid\" class=\"wp-block-heading\">Grid<\/h2><p>Leo nec enim eget pulvinar sem ridiculus etiam elementum vitae. Ridiculus integer id pretium sit justo etiam curabitur orci pulvinar adipiscing vel.<\/p><p>Enim tellus quam vici phasellus nam elit. Donec libero leo nam ante sem eget condimentum nec veni felis enim quisque vitae. Tincidunt eget quisque rhoncus sem penatibus donec quam vulputate quis ipsum lorem.<\/p><p>Eu nunc donec. Orci etiam lorem nisi eu fringilla eget vel dis dapibus ultricies justo. Curabitur <em>tincidunt cras<\/em> porttitor. Enim vidi dapibus aenean pretium quis et nullam etiam.<\/p><p>Nam vici ut quis semper consectetuer tempus sit quam vitae enim. In parturient ipsum penatibus enim lorem vitae eget venenatis sit ligula. Dapibus maecenas ultricies enim ante ligula. Condimentum amet montes imperdiet aenean rhoncus donec etiam. Vivamus sit nec amet ipsum vitae nam viverra justo lorem vel. Pellentesque vulputate consectetuer amet.<\/p>","protected":false},"excerpt":{"rendered":"<p>Tempus ante condimentum sem hendrerit eu phasellus vidi et quis orci arcu quam augue. Hendrerit amet id a condimentum semper felis. Donec sed lorem feugiat aenean ante cras elementum pede. Quis eget blandit felis et. List Vici ac felis tellus in pretium. Etiam dui pretium eget vel laoreet cras rhoncus aenean imperdiet. Vitae integer tempus [&hellip;]<\/p>\n","protected":false},"author":1,"featured_media":0,"parent":0,"menu_order":0,"comment_status":"closed","ping_status":"closed","template":"","meta":{"csco_post_video_location":[],"csco_post_video_location_hash":"","csco_post_video_url":"","csco_post_video_bg_start_time":0,"csco_post_video_bg_end_time":0,"csco_post_text_color":"","footnotes":""},"class_list":{"0":"post-3204","1":"page","2":"type-page","3":"status-publish","5":"cs-entry","6":"cs-video-wrap"},"_links":{"self":[{"href":"https:\/\/dzitbalche.gob.mx\/blog\/wp-json\/wp\/v2\/pages\/3204","targetHints":{"allow":["GET"]}}],"collection":[{"href":"https:\/\/dzitbalche.gob.mx\/blog\/wp-json\/wp\/v2\/pages"}],"about":[{"href":"https:\/\/dzitbalche.gob.mx\/blog\/wp-json\/wp\/v2\/types\/page"}],"author":[{"embeddable":true,"href":"https:\/\/dzitbalche.gob.mx\/blog\/wp-json\/wp\/v2\/users\/1"}],"replies":[{"embeddable":true,"href":"https:\/\/dzitbalche.gob.mx\/blog\/wp-json\/wp\/v2\/comments?post=3204"}],"version-history":[{"count":0,"href":"https:\/\/dzitbalche.gob.mx\/blog\/wp-json\/wp\/v2\/pages\/3204\/revisions"}],"wp:attachment":[{"href":"https:\/\/dzitbalche.gob.mx\/blog\/wp-json\/wp\/v2\/media?parent=3204"}],"curies":[{"name":"wp","href":"https:\/\/api.w.org\/{rel}","templated":true}]}}